{"id":1308,"date":"2026-02-20T09:53:23","date_gmt":"2026-02-20T07:53:23","guid":{"rendered":"https:\/\/lapua.fi\/jokilaaksonmatkailupuutarha\/?page_id=1308"},"modified":"2026-04-13T08:32:55","modified_gmt":"2026-04-13T05:32:55","slug":"naytteilleasettajat","status":"publish","type":"page","link":"https:\/\/lapua.fi\/jokilaaksonmatkailupuutarha\/lapua-kukkii\/naytteilleasettajat\/","title":{"rendered":"N\u00e4ytteilleasettajaluettelo"},"content":{"rendered":"","protected":false},"excerpt":{"rendered":"","protected":false},"author":143,"featured_media":0,"parent":931,"menu_order":4,"comment_status":"closed","ping_status":"closed","template":"","meta":{"_acf_changed":false,"footnotes":""},"class_list":["post-1308","page","type-page","status-publish","hentry"],"acf":[],"yoast_head":"<!-- This site is optimized with the Yoast SEO plugin v27.2 - https:\/\/yoast.com\/product\/yoast-seo-wordpress\/ -->\n<title>N\u00e4ytteilleasettajaluettelo - Jokilaakson matkailupuutarha<\/title>\n<meta name=\"description\" content=\"Vahvistuneet myyj\u00e4t ja n\u00e4ytteilleasettajat Lapua Kukkii -tapahtumassa 23.5.2026. Taimia, kes\u00e4kukkia, k\u00e4sit\u00f6it\u00e4 ja paljon muuta.\" \/>\n<meta name=\"robots\" content=\"index, follow, max-snippet:-1, max-image-preview:large, max-video-preview:-1\" \/>\n<link rel=\"canonical\" href=\"https:\/\/lapua.fi\/jokilaaksonmatkailupuutarha\/lapua-kukkii\/naytteilleasettajat\/\" \/>\n<meta property=\"og:locale\" content=\"fi_FI\" \/>\n<meta property=\"og:type\" content=\"article\" \/>\n<meta property=\"og:title\" content=\"N\u00e4ytteilleasettajaluettelo - Jokilaakson matkailupuutarha\" \/>\n<meta property=\"og:description\" content=\"Vahvistuneet myyj\u00e4t ja n\u00e4ytteilleasettajat Lapua Kukkii -tapahtumassa 23.5.2026. Taimia, kes\u00e4kukkia, k\u00e4sit\u00f6it\u00e4 ja paljon muuta.\" \/>\n<meta property=\"og:url\" content=\"https:\/\/lapua.fi\/jokilaaksonmatkailupuutarha\/lapua-kukkii\/naytteilleasettajat\/\" \/>\n<meta property=\"og:site_name\" content=\"Jokilaakson matkailupuutarha\" \/>\n<meta property=\"article:modified_time\" content=\"2026-04-13T05:32:55+00:00\" \/>\n<meta name=\"twitter:card\" content=\"summary_large_image\" \/>\n<meta name=\"twitter:label1\" content=\"Arvioitu lukuaika\" \/>\n\t<meta name=\"twitter:data1\" content=\"7 minuuttia\" \/>\n<script type=\"application\/ld+json\" class=\"yoast-schema-graph\">{\"@context\":\"https:\/\/schema.org\",\"@graph\":[{\"@type\":\"WebPage\",\"@id\":\"https:\/\/lapua.fi\/jokilaaksonmatkailupuutarha\/lapua-kukkii\/naytteilleasettajat\/\",\"url\":\"https:\/\/lapua.fi\/jokilaaksonmatkailupuutarha\/lapua-kukkii\/naytteilleasettajat\/\",\"name\":\"N\u00e4ytteilleasettajaluettelo - Jokilaakson matkailupuutarha\",\"isPartOf\":{\"@id\":\"https:\/\/lapua.fi\/jokilaaksonmatkailupuutarha\/#website\"},\"datePublished\":\"2026-02-20T07:53:23+00:00\",\"dateModified\":\"2026-04-13T05:32:55+00:00\",\"description\":\"Vahvistuneet myyj\u00e4t ja n\u00e4ytteilleasettajat Lapua Kukkii -tapahtumassa 23.5.2026. Taimia, kes\u00e4kukkia, k\u00e4sit\u00f6it\u00e4 ja paljon muuta.\",\"breadcrumb\":{\"@id\":\"https:\/\/lapua.fi\/jokilaaksonmatkailupuutarha\/lapua-kukkii\/naytteilleasettajat\/#breadcrumb\"},\"inLanguage\":\"fi\",\"potentialAction\":[{\"@type\":\"ReadAction\",\"target\":[\"https:\/\/lapua.fi\/jokilaaksonmatkailupuutarha\/lapua-kukkii\/naytteilleasettajat\/\"]}]},{\"@type\":\"BreadcrumbList\",\"@id\":\"https:\/\/lapua.fi\/jokilaaksonmatkailupuutarha\/lapua-kukkii\/naytteilleasettajat\/#breadcrumb\",\"itemListElement\":[{\"@type\":\"ListItem\",\"position\":1,\"name\":\"Etusivu\",\"item\":\"https:\/\/lapua.fi\/jokilaaksonmatkailupuutarha\/\"},{\"@type\":\"ListItem\",\"position\":2,\"name\":\"Lapua Kukkii -puutarhamessut\",\"item\":\"https:\/\/lapua.fi\/jokilaaksonmatkailupuutarha\/lapua-kukkii\/\"},{\"@type\":\"ListItem\",\"position\":3,\"name\":\"N\u00e4ytteilleasettajaluettelo\"}]},{\"@type\":\"WebSite\",\"@id\":\"https:\/\/lapua.fi\/jokilaaksonmatkailupuutarha\/#website\",\"url\":\"https:\/\/lapua.fi\/jokilaaksonmatkailupuutarha\/\",\"name\":\"Jokilaakson matkailupuutarha\",\"description\":\"\",\"publisher\":{\"@id\":\"https:\/\/lapua.fi\/jokilaaksonmatkailupuutarha\/#organization\"},\"potentialAction\":[{\"@type\":\"SearchAction\",\"target\":{\"@type\":\"EntryPoint\",\"urlTemplate\":\"https:\/\/lapua.fi\/jokilaaksonmatkailupuutarha\/?s={search_term_string}\"},\"query-input\":{\"@type\":\"PropertyValueSpecification\",\"valueRequired\":true,\"valueName\":\"search_term_string\"}}],\"inLanguage\":\"fi\"},{\"@type\":\"Organization\",\"@id\":\"https:\/\/lapua.fi\/jokilaaksonmatkailupuutarha\/#organization\",\"name\":\"Jokilaakson matkailupuutarha\",\"url\":\"https:\/\/lapua.fi\/jokilaaksonmatkailupuutarha\/\",\"logo\":{\"@type\":\"ImageObject\",\"inLanguage\":\"fi\",\"@id\":\"https:\/\/lapua.fi\/jokilaaksonmatkailupuutarha\/#\/schema\/logo\/image\/\",\"url\":\"https:\/\/jokilaaksonmatkailupuutarha.fi\/wp-content\/uploads\/sites\/5\/2020\/10\/jokilaakson_matkailupuutarha_logo.png\",\"contentUrl\":\"https:\/\/jokilaaksonmatkailupuutarha.fi\/wp-content\/uploads\/sites\/5\/2020\/10\/jokilaakson_matkailupuutarha_logo.png\",\"width\":325,\"height\":80,\"caption\":\"Jokilaakson matkailupuutarha\"},\"image\":{\"@id\":\"https:\/\/lapua.fi\/jokilaaksonmatkailupuutarha\/#\/schema\/logo\/image\/\"}}]}<\/script>\n<!-- \/ Yoast SEO plugin. -->","yoast_head_json":{"title":"N\u00e4ytteilleasettajaluettelo - Jokilaakson matkailupuutarha","description":"Vahvistuneet myyj\u00e4t ja n\u00e4ytteilleasettajat Lapua Kukkii -tapahtumassa 23.5.2026. Taimia, kes\u00e4kukkia, k\u00e4sit\u00f6it\u00e4 ja paljon muuta.","robots":{"index":"index","follow":"follow","max-snippet":"max-snippet:-1","max-image-preview":"max-image-preview:large","max-video-preview":"max-video-preview:-1"},"canonical":"https:\/\/lapua.fi\/jokilaaksonmatkailupuutarha\/lapua-kukkii\/naytteilleasettajat\/","og_locale":"fi_FI","og_type":"article","og_title":"N\u00e4ytteilleasettajaluettelo - Jokilaakson matkailupuutarha","og_description":"Vahvistuneet myyj\u00e4t ja n\u00e4ytteilleasettajat Lapua Kukkii -tapahtumassa 23.5.2026. Taimia, kes\u00e4kukkia, k\u00e4sit\u00f6it\u00e4 ja paljon muuta.","og_url":"https:\/\/lapua.fi\/jokilaaksonmatkailupuutarha\/lapua-kukkii\/naytteilleasettajat\/","og_site_name":"Jokilaakson matkailupuutarha","article_modified_time":"2026-04-13T05:32:55+00:00","twitter_card":"summary_large_image","twitter_misc":{"Arvioitu lukuaika":"7 minuuttia"},"schema":{"@context":"https:\/\/schema.org","@graph":[{"@type":"WebPage","@id":"https:\/\/lapua.fi\/jokilaaksonmatkailupuutarha\/lapua-kukkii\/naytteilleasettajat\/","url":"https:\/\/lapua.fi\/jokilaaksonmatkailupuutarha\/lapua-kukkii\/naytteilleasettajat\/","name":"N\u00e4ytteilleasettajaluettelo - Jokilaakson matkailupuutarha","isPartOf":{"@id":"https:\/\/lapua.fi\/jokilaaksonmatkailupuutarha\/#website"},"datePublished":"2026-02-20T07:53:23+00:00","dateModified":"2026-04-13T05:32:55+00:00","description":"Vahvistuneet myyj\u00e4t ja n\u00e4ytteilleasettajat Lapua Kukkii -tapahtumassa 23.5.2026. Taimia, kes\u00e4kukkia, k\u00e4sit\u00f6it\u00e4 ja paljon muuta.","breadcrumb":{"@id":"https:\/\/lapua.fi\/jokilaaksonmatkailupuutarha\/lapua-kukkii\/naytteilleasettajat\/#breadcrumb"},"inLanguage":"fi","potentialAction":[{"@type":"ReadAction","target":["https:\/\/lapua.fi\/jokilaaksonmatkailupuutarha\/lapua-kukkii\/naytteilleasettajat\/"]}]},{"@type":"BreadcrumbList","@id":"https:\/\/lapua.fi\/jokilaaksonmatkailupuutarha\/lapua-kukkii\/naytteilleasettajat\/#breadcrumb","itemListElement":[{"@type":"ListItem","position":1,"name":"Etusivu","item":"https:\/\/lapua.fi\/jokilaaksonmatkailupuutarha\/"},{"@type":"ListItem","position":2,"name":"Lapua Kukkii -puutarhamessut","item":"https:\/\/lapua.fi\/jokilaaksonmatkailupuutarha\/lapua-kukkii\/"},{"@type":"ListItem","position":3,"name":"N\u00e4ytteilleasettajaluettelo"}]},{"@type":"WebSite","@id":"https:\/\/lapua.fi\/jokilaaksonmatkailupuutarha\/#website","url":"https:\/\/lapua.fi\/jokilaaksonmatkailupuutarha\/","name":"Jokilaakson matkailupuutarha","description":"","publisher":{"@id":"https:\/\/lapua.fi\/jokilaaksonmatkailupuutarha\/#organization"},"potentialAction":[{"@type":"SearchAction","target":{"@type":"EntryPoint","urlTemplate":"https:\/\/lapua.fi\/jokilaaksonmatkailupuutarha\/?s={search_term_string}"},"query-input":{"@type":"PropertyValueSpecification","valueRequired":true,"valueName":"search_term_string"}}],"inLanguage":"fi"},{"@type":"Organization","@id":"https:\/\/lapua.fi\/jokilaaksonmatkailupuutarha\/#organization","name":"Jokilaakson matkailupuutarha","url":"https:\/\/lapua.fi\/jokilaaksonmatkailupuutarha\/","logo":{"@type":"ImageObject","inLanguage":"fi","@id":"https:\/\/lapua.fi\/jokilaaksonmatkailupuutarha\/#\/schema\/logo\/image\/","url":"https:\/\/jokilaaksonmatkailupuutarha.fi\/wp-content\/uploads\/sites\/5\/2020\/10\/jokilaakson_matkailupuutarha_logo.png","contentUrl":"https:\/\/jokilaaksonmatkailupuutarha.fi\/wp-content\/uploads\/sites\/5\/2020\/10\/jokilaakson_matkailupuutarha_logo.png","width":325,"height":80,"caption":"Jokilaakson matkailupuutarha"},"image":{"@id":"https:\/\/lapua.fi\/jokilaaksonmatkailupuutarha\/#\/schema\/logo\/image\/"}}]}},"_links":{"self":[{"href":"https:\/\/lapua.fi\/jokilaaksonmatkailupuutarha\/wp-json\/wp\/v2\/pages\/1308","targetHints":{"allow":["GET"]}}],"collection":[{"href":"https:\/\/lapua.fi\/jokilaaksonmatkailupuutarha\/wp-json\/wp\/v2\/pages"}],"about":[{"href":"https:\/\/lapua.fi\/jokilaaksonmatkailupuutarha\/wp-json\/wp\/v2\/types\/page"}],"author":[{"embeddable":true,"href":"https:\/\/lapua.fi\/jokilaaksonmatkailupuutarha\/wp-json\/wp\/v2\/users\/143"}],"replies":[{"embeddable":true,"href":"https:\/\/lapua.fi\/jokilaaksonmatkailupuutarha\/wp-json\/wp\/v2\/comments?post=1308"}],"version-history":[{"count":5,"href":"https:\/\/lapua.fi\/jokilaaksonmatkailupuutarha\/wp-json\/wp\/v2\/pages\/1308\/revisions"}],"predecessor-version":[{"id":1383,"href":"https:\/\/lapua.fi\/jokilaaksonmatkailupuutarha\/wp-json\/wp\/v2\/pages\/1308\/revisions\/1383"}],"up":[{"embeddable":true,"href":"https:\/\/lapua.fi\/jokilaaksonmatkailupuutarha\/wp-json\/wp\/v2\/pages\/931"}],"wp:attachment":[{"href":"https:\/\/lapua.fi\/jokilaaksonmatkailupuutarha\/wp-json\/wp\/v2\/media?parent=1308"}],"curies":[{"name":"wp","href":"https:\/\/api.w.org\/{rel}","templated":true}]}}