{"id":1020,"date":"2020-08-14T13:00:01","date_gmt":"2020-08-14T10:00:01","guid":{"rendered":"https:\/\/lapua.fi\/kirjasto\/?page_id=1020"},"modified":"2025-12-09T14:11:13","modified_gmt":"2025-12-09T12:11:13","slug":"lapset-ja-nuoret","status":"publish","type":"page","link":"https:\/\/lapua.fi\/kirjasto\/lapset-ja-nuoret\/","title":{"rendered":"Lapset ja nuoret"},"content":{"rendered":"","protected":false},"excerpt":{"rendered":"","protected":false},"author":1,"featured_media":0,"parent":0,"menu_order":3,"comment_status":"closed","ping_status":"closed","template":"","meta":{"_acf_changed":false,"footnotes":""},"class_list":["post-1020","page","type-page","status-publish","hentry"],"acf":[],"yoast_head":"<!-- This site is optimized with the Yoast SEO plugin v27.4 - https:\/\/yoast.com\/product\/yoast-seo-wordpress\/ -->\n<title>Lapset ja nuoret - Lapuan kaupunginkirjasto<\/title>\n<meta name=\"description\" content=\"Lapset ja nuoret, kirjastolla j\u00e4rjestet\u00e4\u00e4n erilaisia tapahtumia ja teemailtoja. Satutuokiot p\u00e4\u00e4kirjastossa joka toinen torstai. Lue lis\u00e4\u00e4.\" \/>\n<meta name=\"robots\" content=\"index, follow, max-snippet:-1, max-image-preview:large, max-video-preview:-1\" \/>\n<link rel=\"canonical\" href=\"https:\/\/lapua.fi\/kirjasto\/lapset-ja-nuoret\/\" \/>\n<meta property=\"og:locale\" content=\"fi_FI\" \/>\n<meta property=\"og:type\" content=\"article\" \/>\n<meta property=\"og:title\" content=\"Lapset ja nuoret - Lapuan kaupunginkirjasto\" \/>\n<meta property=\"og:description\" content=\"Lapset ja nuoret, kirjastolla j\u00e4rjestet\u00e4\u00e4n erilaisia tapahtumia ja teemailtoja. Satutuokiot p\u00e4\u00e4kirjastossa joka toinen torstai. Lue lis\u00e4\u00e4.\" \/>\n<meta property=\"og:url\" content=\"https:\/\/lapua.fi\/kirjasto\/lapset-ja-nuoret\/\" \/>\n<meta property=\"og:site_name\" content=\"Lapuan kaupunginkirjasto\" \/>\n<meta property=\"article:publisher\" content=\"https:\/\/www.facebook.com\/lapuankirjasto\/\" \/>\n<meta property=\"article:modified_time\" content=\"2025-12-09T12:11:13+00:00\" \/>\n<meta property=\"og:image\" content=\"https:\/\/lapua.fi\/kirjasto\/wp-content\/uploads\/sites\/4\/2020\/09\/lapua_kirjasto_etusivu-scaled.jpg\" \/>\n\t<meta property=\"og:image:width\" content=\"2560\" \/>\n\t<meta property=\"og:image:height\" content=\"1920\" \/>\n\t<meta property=\"og:image:type\" content=\"image\/jpeg\" \/>\n<meta name=\"twitter:card\" content=\"summary_large_image\" \/>\n<meta name=\"twitter:label1\" content=\"Arvioitu lukuaika\" \/>\n\t<meta name=\"twitter:data1\" content=\"2 minuuttia\" \/>\n<script type=\"application\/ld+json\" class=\"yoast-schema-graph\">{\"@context\":\"https:\\\/\\\/schema.org\",\"@graph\":[{\"@type\":\"WebPage\",\"@id\":\"https:\\\/\\\/lapua.fi\\\/kirjasto\\\/lapset-ja-nuoret\\\/\",\"url\":\"https:\\\/\\\/lapua.fi\\\/kirjasto\\\/lapset-ja-nuoret\\\/\",\"name\":\"Lapset ja nuoret - Lapuan kaupunginkirjasto\",\"isPartOf\":{\"@id\":\"https:\\\/\\\/lapua.fi\\\/kirjasto\\\/#website\"},\"datePublished\":\"2020-08-14T10:00:01+00:00\",\"dateModified\":\"2025-12-09T12:11:13+00:00\",\"description\":\"Lapset ja nuoret, kirjastolla j\u00e4rjestet\u00e4\u00e4n erilaisia tapahtumia ja teemailtoja. Satutuokiot p\u00e4\u00e4kirjastossa joka toinen torstai. Lue lis\u00e4\u00e4.\",\"breadcrumb\":{\"@id\":\"https:\\\/\\\/lapua.fi\\\/kirjasto\\\/lapset-ja-nuoret\\\/#breadcrumb\"},\"inLanguage\":\"fi\",\"potentialAction\":[{\"@type\":\"ReadAction\",\"target\":[\"https:\\\/\\\/lapua.fi\\\/kirjasto\\\/lapset-ja-nuoret\\\/\"]}]},{\"@type\":\"BreadcrumbList\",\"@id\":\"https:\\\/\\\/lapua.fi\\\/kirjasto\\\/lapset-ja-nuoret\\\/#breadcrumb\",\"itemListElement\":[{\"@type\":\"ListItem\",\"position\":1,\"name\":\"Etusivu\",\"item\":\"https:\\\/\\\/lapua.fi\\\/kirjasto\\\/\"},{\"@type\":\"ListItem\",\"position\":2,\"name\":\"Lapset ja nuoret\"}]},{\"@type\":\"WebSite\",\"@id\":\"https:\\\/\\\/lapua.fi\\\/kirjasto\\\/#website\",\"url\":\"https:\\\/\\\/lapua.fi\\\/kirjasto\\\/\",\"name\":\"Lapuan kaupunginkirjasto\",\"description\":\"\",\"publisher\":{\"@id\":\"https:\\\/\\\/lapua.fi\\\/kirjasto\\\/#organization\"},\"potentialAction\":[{\"@type\":\"SearchAction\",\"target\":{\"@type\":\"EntryPoint\",\"urlTemplate\":\"https:\\\/\\\/lapua.fi\\\/kirjasto\\\/?s={search_term_string}\"},\"query-input\":{\"@type\":\"PropertyValueSpecification\",\"valueRequired\":true,\"valueName\":\"search_term_string\"}}],\"inLanguage\":\"fi\"},{\"@type\":\"Organization\",\"@id\":\"https:\\\/\\\/lapua.fi\\\/kirjasto\\\/#organization\",\"name\":\"Lapuan kaupunginkirjasto\",\"url\":\"https:\\\/\\\/lapua.fi\\\/kirjasto\\\/\",\"logo\":{\"@type\":\"ImageObject\",\"inLanguage\":\"fi\",\"@id\":\"https:\\\/\\\/lapua.fi\\\/kirjasto\\\/#\\\/schema\\\/logo\\\/image\\\/\",\"url\":\"https:\\\/\\\/lapua.fi\\\/kirjasto\\\/wp-content\\\/uploads\\\/sites\\\/4\\\/2020\\\/06\\\/lapuan_kaupunginkirjasto_logo_footer.png\",\"contentUrl\":\"https:\\\/\\\/lapua.fi\\\/kirjasto\\\/wp-content\\\/uploads\\\/sites\\\/4\\\/2020\\\/06\\\/lapuan_kaupunginkirjasto_logo_footer.png\",\"width\":290,\"height\":44,\"caption\":\"Lapuan kaupunginkirjasto\"},\"image\":{\"@id\":\"https:\\\/\\\/lapua.fi\\\/kirjasto\\\/#\\\/schema\\\/logo\\\/image\\\/\"},\"sameAs\":[\"https:\\\/\\\/www.facebook.com\\\/lapuankirjasto\\\/\",\"https:\\\/\\\/www.instagram.com\\\/lapuankirjasto\\\/\"]}]}<\/script>\n<!-- \/ Yoast SEO plugin. -->","yoast_head_json":{"title":"Lapset ja nuoret - Lapuan kaupunginkirjasto","description":"Lapset ja nuoret, kirjastolla j\u00e4rjestet\u00e4\u00e4n erilaisia tapahtumia ja teemailtoja. Satutuokiot p\u00e4\u00e4kirjastossa joka toinen torstai. Lue lis\u00e4\u00e4.","robots":{"index":"index","follow":"follow","max-snippet":"max-snippet:-1","max-image-preview":"max-image-preview:large","max-video-preview":"max-video-preview:-1"},"canonical":"https:\/\/lapua.fi\/kirjasto\/lapset-ja-nuoret\/","og_locale":"fi_FI","og_type":"article","og_title":"Lapset ja nuoret - Lapuan kaupunginkirjasto","og_description":"Lapset ja nuoret, kirjastolla j\u00e4rjestet\u00e4\u00e4n erilaisia tapahtumia ja teemailtoja. Satutuokiot p\u00e4\u00e4kirjastossa joka toinen torstai. Lue lis\u00e4\u00e4.","og_url":"https:\/\/lapua.fi\/kirjasto\/lapset-ja-nuoret\/","og_site_name":"Lapuan kaupunginkirjasto","article_publisher":"https:\/\/www.facebook.com\/lapuankirjasto\/","article_modified_time":"2025-12-09T12:11:13+00:00","og_image":[{"width":2560,"height":1920,"url":"https:\/\/lapua.fi\/kirjasto\/wp-content\/uploads\/sites\/4\/2020\/09\/lapua_kirjasto_etusivu-scaled.jpg","type":"image\/jpeg"}],"twitter_card":"summary_large_image","twitter_misc":{"Arvioitu lukuaika":"2 minuuttia"},"schema":{"@context":"https:\/\/schema.org","@graph":[{"@type":"WebPage","@id":"https:\/\/lapua.fi\/kirjasto\/lapset-ja-nuoret\/","url":"https:\/\/lapua.fi\/kirjasto\/lapset-ja-nuoret\/","name":"Lapset ja nuoret - Lapuan kaupunginkirjasto","isPartOf":{"@id":"https:\/\/lapua.fi\/kirjasto\/#website"},"datePublished":"2020-08-14T10:00:01+00:00","dateModified":"2025-12-09T12:11:13+00:00","description":"Lapset ja nuoret, kirjastolla j\u00e4rjestet\u00e4\u00e4n erilaisia tapahtumia ja teemailtoja. Satutuokiot p\u00e4\u00e4kirjastossa joka toinen torstai. Lue lis\u00e4\u00e4.","breadcrumb":{"@id":"https:\/\/lapua.fi\/kirjasto\/lapset-ja-nuoret\/#breadcrumb"},"inLanguage":"fi","potentialAction":[{"@type":"ReadAction","target":["https:\/\/lapua.fi\/kirjasto\/lapset-ja-nuoret\/"]}]},{"@type":"BreadcrumbList","@id":"https:\/\/lapua.fi\/kirjasto\/lapset-ja-nuoret\/#breadcrumb","itemListElement":[{"@type":"ListItem","position":1,"name":"Etusivu","item":"https:\/\/lapua.fi\/kirjasto\/"},{"@type":"ListItem","position":2,"name":"Lapset ja nuoret"}]},{"@type":"WebSite","@id":"https:\/\/lapua.fi\/kirjasto\/#website","url":"https:\/\/lapua.fi\/kirjasto\/","name":"Lapuan kaupunginkirjasto","description":"","publisher":{"@id":"https:\/\/lapua.fi\/kirjasto\/#organization"},"potentialAction":[{"@type":"SearchAction","target":{"@type":"EntryPoint","urlTemplate":"https:\/\/lapua.fi\/kirjasto\/?s={search_term_string}"},"query-input":{"@type":"PropertyValueSpecification","valueRequired":true,"valueName":"search_term_string"}}],"inLanguage":"fi"},{"@type":"Organization","@id":"https:\/\/lapua.fi\/kirjasto\/#organization","name":"Lapuan kaupunginkirjasto","url":"https:\/\/lapua.fi\/kirjasto\/","logo":{"@type":"ImageObject","inLanguage":"fi","@id":"https:\/\/lapua.fi\/kirjasto\/#\/schema\/logo\/image\/","url":"https:\/\/lapua.fi\/kirjasto\/wp-content\/uploads\/sites\/4\/2020\/06\/lapuan_kaupunginkirjasto_logo_footer.png","contentUrl":"https:\/\/lapua.fi\/kirjasto\/wp-content\/uploads\/sites\/4\/2020\/06\/lapuan_kaupunginkirjasto_logo_footer.png","width":290,"height":44,"caption":"Lapuan kaupunginkirjasto"},"image":{"@id":"https:\/\/lapua.fi\/kirjasto\/#\/schema\/logo\/image\/"},"sameAs":["https:\/\/www.facebook.com\/lapuankirjasto\/","https:\/\/www.instagram.com\/lapuankirjasto\/"]}]}},"_links":{"self":[{"href":"https:\/\/lapua.fi\/kirjasto\/wp-json\/wp\/v2\/pages\/1020","targetHints":{"allow":["GET"]}}],"collection":[{"href":"https:\/\/lapua.fi\/kirjasto\/wp-json\/wp\/v2\/pages"}],"about":[{"href":"https:\/\/lapua.fi\/kirjasto\/wp-json\/wp\/v2\/types\/page"}],"author":[{"embeddable":true,"href":"https:\/\/lapua.fi\/kirjasto\/wp-json\/wp\/v2\/users\/1"}],"replies":[{"embeddable":true,"href":"https:\/\/lapua.fi\/kirjasto\/wp-json\/wp\/v2\/comments?post=1020"}],"version-history":[{"count":3,"href":"https:\/\/lapua.fi\/kirjasto\/wp-json\/wp\/v2\/pages\/1020\/revisions"}],"predecessor-version":[{"id":2822,"href":"https:\/\/lapua.fi\/kirjasto\/wp-json\/wp\/v2\/pages\/1020\/revisions\/2822"}],"wp:attachment":[{"href":"https:\/\/lapua.fi\/kirjasto\/wp-json\/wp\/v2\/media?parent=1020"}],"curies":[{"name":"wp","href":"https:\/\/api.w.org\/{rel}","templated":true}]}}