{"id":1147,"date":"2020-09-17T15:31:28","date_gmt":"2020-09-17T12:31:28","guid":{"rendered":"https:\/\/lapua.fi\/musiikkiopisto\/?page_id=1147"},"modified":"2025-06-12T11:47:53","modified_gmt":"2025-06-12T08:47:53","slug":"lukujarjestys-2020-21","status":"publish","type":"page","link":"https:\/\/lapua.fi\/musiikkiopisto\/opetus\/lukujarjestys-2020-21\/","title":{"rendered":"Lukuj\u00e4rjestys 2025-26"},"content":{"rendered":"","protected":false},"excerpt":{"rendered":"","protected":false},"author":7,"featured_media":0,"parent":969,"menu_order":6,"comment_status":"closed","ping_status":"closed","template":"","meta":{"_acf_changed":false,"footnotes":""},"class_list":["post-1147","page","type-page","status-publish","hentry"],"acf":[],"yoast_head":"<!-- This site is optimized with the Yoast SEO plugin v27.2 - https:\/\/yoast.com\/product\/yoast-seo-wordpress\/ -->\n<title>Lukuj\u00e4rjestys 2025-26 - Lapuan Musiikkiopisto<\/title>\n<meta name=\"description\" content=\"T\u00e4lt\u00e4 sivulta l\u00f6ytyy Lapuan musiikkiopiston lukuj\u00e4rjestys 2020-21. Tutustu orkestereiden ja opetuksen aikatauluihin.\" \/>\n<meta name=\"robots\" content=\"index, follow, max-snippet:-1, max-image-preview:large, max-video-preview:-1\" \/>\n<link rel=\"canonical\" href=\"https:\/\/lapua.fi\/musiikkiopisto\/opetus\/lukujarjestys-2020-21\/\" \/>\n<meta property=\"og:locale\" content=\"fi_FI\" \/>\n<meta property=\"og:type\" content=\"article\" \/>\n<meta property=\"og:title\" content=\"Lukuj\u00e4rjestys 2025-26 - Lapuan Musiikkiopisto\" \/>\n<meta property=\"og:description\" content=\"T\u00e4lt\u00e4 sivulta l\u00f6ytyy Lapuan musiikkiopiston lukuj\u00e4rjestys 2020-21. Tutustu orkestereiden ja opetuksen aikatauluihin.\" \/>\n<meta property=\"og:url\" content=\"https:\/\/lapua.fi\/musiikkiopisto\/opetus\/lukujarjestys-2020-21\/\" \/>\n<meta property=\"og:site_name\" content=\"Lapuan Musiikkiopisto\" \/>\n<meta property=\"article:publisher\" content=\"https:\/\/www.facebook.com\/pages\/category\/Music-Lessons---Instruction-School\/Lapuan-musiikkiopisto-198763246823238\/\" \/>\n<meta property=\"article:modified_time\" content=\"2025-06-12T08:47:53+00:00\" \/>\n<meta property=\"og:image\" content=\"https:\/\/lapua.fi\/musiikkiopisto\/wp-content\/uploads\/sites\/2\/2020\/09\/viulu.jpg\" \/>\n\t<meta property=\"og:image:width\" content=\"1920\" \/>\n\t<meta property=\"og:image:height\" content=\"1186\" \/>\n\t<meta property=\"og:image:type\" content=\"image\/jpeg\" \/>\n<meta name=\"twitter:card\" content=\"summary_large_image\" \/>\n<meta name=\"twitter:label1\" content=\"Arvioitu lukuaika\" \/>\n\t<meta name=\"twitter:data1\" content=\"4 minuuttia\" \/>\n<script type=\"application\/ld+json\" class=\"yoast-schema-graph\">{\"@context\":\"https:\/\/schema.org\",\"@graph\":[{\"@type\":\"WebPage\",\"@id\":\"https:\/\/lapua.fi\/musiikkiopisto\/opetus\/lukujarjestys-2020-21\/\",\"url\":\"https:\/\/lapua.fi\/musiikkiopisto\/opetus\/lukujarjestys-2020-21\/\",\"name\":\"Lukuj\u00e4rjestys 2025-26 - Lapuan Musiikkiopisto\",\"isPartOf\":{\"@id\":\"https:\/\/lapua.fi\/musiikkiopisto\/#website\"},\"datePublished\":\"2020-09-17T12:31:28+00:00\",\"dateModified\":\"2025-06-12T08:47:53+00:00\",\"description\":\"T\u00e4lt\u00e4 sivulta l\u00f6ytyy Lapuan musiikkiopiston lukuj\u00e4rjestys 2020-21. Tutustu orkestereiden ja opetuksen aikatauluihin.\",\"breadcrumb\":{\"@id\":\"https:\/\/lapua.fi\/musiikkiopisto\/opetus\/lukujarjestys-2020-21\/#breadcrumb\"},\"inLanguage\":\"fi\",\"potentialAction\":[{\"@type\":\"ReadAction\",\"target\":[\"https:\/\/lapua.fi\/musiikkiopisto\/opetus\/lukujarjestys-2020-21\/\"]}]},{\"@type\":\"BreadcrumbList\",\"@id\":\"https:\/\/lapua.fi\/musiikkiopisto\/opetus\/lukujarjestys-2020-21\/#breadcrumb\",\"itemListElement\":[{\"@type\":\"ListItem\",\"position\":1,\"name\":\"Etusivu\",\"item\":\"https:\/\/lapua.fi\/musiikkiopisto\/\"},{\"@type\":\"ListItem\",\"position\":2,\"name\":\"Opetus\",\"item\":\"https:\/\/lapua.fi\/musiikkiopisto\/opetus\/\"},{\"@type\":\"ListItem\",\"position\":3,\"name\":\"Lukuj\u00e4rjestys 2025-26\"}]},{\"@type\":\"WebSite\",\"@id\":\"https:\/\/lapua.fi\/musiikkiopisto\/#website\",\"url\":\"https:\/\/lapua.fi\/musiikkiopisto\/\",\"name\":\"Lapuan Musiikkiopisto\",\"description\":\"\",\"publisher\":{\"@id\":\"https:\/\/lapua.fi\/musiikkiopisto\/#organization\"},\"potentialAction\":[{\"@type\":\"SearchAction\",\"target\":{\"@type\":\"EntryPoint\",\"urlTemplate\":\"https:\/\/lapua.fi\/musiikkiopisto\/?s={search_term_string}\"},\"query-input\":{\"@type\":\"PropertyValueSpecification\",\"valueRequired\":true,\"valueName\":\"search_term_string\"}}],\"inLanguage\":\"fi\"},{\"@type\":\"Organization\",\"@id\":\"https:\/\/lapua.fi\/musiikkiopisto\/#organization\",\"name\":\"Lapuan Musiikkiopisto\",\"url\":\"https:\/\/lapua.fi\/musiikkiopisto\/\",\"logo\":{\"@type\":\"ImageObject\",\"inLanguage\":\"fi\",\"@id\":\"https:\/\/lapua.fi\/musiikkiopisto\/#\/schema\/logo\/image\/\",\"url\":\"https:\/\/lapua.fi\/musiikkiopisto\/wp-content\/uploads\/sites\/2\/2020\/06\/lapua-musiikkiopisto-logo.png\",\"contentUrl\":\"https:\/\/lapua.fi\/musiikkiopisto\/wp-content\/uploads\/sites\/2\/2020\/06\/lapua-musiikkiopisto-logo.png\",\"width\":400,\"height\":154,\"caption\":\"Lapuan Musiikkiopisto\"},\"image\":{\"@id\":\"https:\/\/lapua.fi\/musiikkiopisto\/#\/schema\/logo\/image\/\"},\"sameAs\":[\"https:\/\/www.facebook.com\/pages\/category\/Music-Lessons---Instruction-School\/Lapuan-musiikkiopisto-198763246823238\/\",\"https:\/\/www.instagram.com\/lapuanmusiikkiopisto\/\"]}]}<\/script>\n<!-- \/ Yoast SEO plugin. -->","yoast_head_json":{"title":"Lukuj\u00e4rjestys 2025-26 - Lapuan Musiikkiopisto","description":"T\u00e4lt\u00e4 sivulta l\u00f6ytyy Lapuan musiikkiopiston lukuj\u00e4rjestys 2020-21. Tutustu orkestereiden ja opetuksen aikatauluihin.","robots":{"index":"index","follow":"follow","max-snippet":"max-snippet:-1","max-image-preview":"max-image-preview:large","max-video-preview":"max-video-preview:-1"},"canonical":"https:\/\/lapua.fi\/musiikkiopisto\/opetus\/lukujarjestys-2020-21\/","og_locale":"fi_FI","og_type":"article","og_title":"Lukuj\u00e4rjestys 2025-26 - Lapuan Musiikkiopisto","og_description":"T\u00e4lt\u00e4 sivulta l\u00f6ytyy Lapuan musiikkiopiston lukuj\u00e4rjestys 2020-21. Tutustu orkestereiden ja opetuksen aikatauluihin.","og_url":"https:\/\/lapua.fi\/musiikkiopisto\/opetus\/lukujarjestys-2020-21\/","og_site_name":"Lapuan Musiikkiopisto","article_publisher":"https:\/\/www.facebook.com\/pages\/category\/Music-Lessons---Instruction-School\/Lapuan-musiikkiopisto-198763246823238\/","article_modified_time":"2025-06-12T08:47:53+00:00","og_image":[{"width":1920,"height":1186,"url":"https:\/\/lapua.fi\/musiikkiopisto\/wp-content\/uploads\/sites\/2\/2020\/09\/viulu.jpg","type":"image\/jpeg"}],"twitter_card":"summary_large_image","twitter_misc":{"Arvioitu lukuaika":"4 minuuttia"},"schema":{"@context":"https:\/\/schema.org","@graph":[{"@type":"WebPage","@id":"https:\/\/lapua.fi\/musiikkiopisto\/opetus\/lukujarjestys-2020-21\/","url":"https:\/\/lapua.fi\/musiikkiopisto\/opetus\/lukujarjestys-2020-21\/","name":"Lukuj\u00e4rjestys 2025-26 - Lapuan Musiikkiopisto","isPartOf":{"@id":"https:\/\/lapua.fi\/musiikkiopisto\/#website"},"datePublished":"2020-09-17T12:31:28+00:00","dateModified":"2025-06-12T08:47:53+00:00","description":"T\u00e4lt\u00e4 sivulta l\u00f6ytyy Lapuan musiikkiopiston lukuj\u00e4rjestys 2020-21. Tutustu orkestereiden ja opetuksen aikatauluihin.","breadcrumb":{"@id":"https:\/\/lapua.fi\/musiikkiopisto\/opetus\/lukujarjestys-2020-21\/#breadcrumb"},"inLanguage":"fi","potentialAction":[{"@type":"ReadAction","target":["https:\/\/lapua.fi\/musiikkiopisto\/opetus\/lukujarjestys-2020-21\/"]}]},{"@type":"BreadcrumbList","@id":"https:\/\/lapua.fi\/musiikkiopisto\/opetus\/lukujarjestys-2020-21\/#breadcrumb","itemListElement":[{"@type":"ListItem","position":1,"name":"Etusivu","item":"https:\/\/lapua.fi\/musiikkiopisto\/"},{"@type":"ListItem","position":2,"name":"Opetus","item":"https:\/\/lapua.fi\/musiikkiopisto\/opetus\/"},{"@type":"ListItem","position":3,"name":"Lukuj\u00e4rjestys 2025-26"}]},{"@type":"WebSite","@id":"https:\/\/lapua.fi\/musiikkiopisto\/#website","url":"https:\/\/lapua.fi\/musiikkiopisto\/","name":"Lapuan Musiikkiopisto","description":"","publisher":{"@id":"https:\/\/lapua.fi\/musiikkiopisto\/#organization"},"potentialAction":[{"@type":"SearchAction","target":{"@type":"EntryPoint","urlTemplate":"https:\/\/lapua.fi\/musiikkiopisto\/?s={search_term_string}"},"query-input":{"@type":"PropertyValueSpecification","valueRequired":true,"valueName":"search_term_string"}}],"inLanguage":"fi"},{"@type":"Organization","@id":"https:\/\/lapua.fi\/musiikkiopisto\/#organization","name":"Lapuan Musiikkiopisto","url":"https:\/\/lapua.fi\/musiikkiopisto\/","logo":{"@type":"ImageObject","inLanguage":"fi","@id":"https:\/\/lapua.fi\/musiikkiopisto\/#\/schema\/logo\/image\/","url":"https:\/\/lapua.fi\/musiikkiopisto\/wp-content\/uploads\/sites\/2\/2020\/06\/lapua-musiikkiopisto-logo.png","contentUrl":"https:\/\/lapua.fi\/musiikkiopisto\/wp-content\/uploads\/sites\/2\/2020\/06\/lapua-musiikkiopisto-logo.png","width":400,"height":154,"caption":"Lapuan Musiikkiopisto"},"image":{"@id":"https:\/\/lapua.fi\/musiikkiopisto\/#\/schema\/logo\/image\/"},"sameAs":["https:\/\/www.facebook.com\/pages\/category\/Music-Lessons---Instruction-School\/Lapuan-musiikkiopisto-198763246823238\/","https:\/\/www.instagram.com\/lapuanmusiikkiopisto\/"]}]}},"_links":{"self":[{"href":"https:\/\/lapua.fi\/musiikkiopisto\/wp-json\/wp\/v2\/pages\/1147","targetHints":{"allow":["GET"]}}],"collection":[{"href":"https:\/\/lapua.fi\/musiikkiopisto\/wp-json\/wp\/v2\/pages"}],"about":[{"href":"https:\/\/lapua.fi\/musiikkiopisto\/wp-json\/wp\/v2\/types\/page"}],"author":[{"embeddable":true,"href":"https:\/\/lapua.fi\/musiikkiopisto\/wp-json\/wp\/v2\/users\/7"}],"replies":[{"embeddable":true,"href":"https:\/\/lapua.fi\/musiikkiopisto\/wp-json\/wp\/v2\/comments?post=1147"}],"version-history":[{"count":3,"href":"https:\/\/lapua.fi\/musiikkiopisto\/wp-json\/wp\/v2\/pages\/1147\/revisions"}],"predecessor-version":[{"id":3392,"href":"https:\/\/lapua.fi\/musiikkiopisto\/wp-json\/wp\/v2\/pages\/1147\/revisions\/3392"}],"up":[{"embeddable":true,"href":"https:\/\/lapua.fi\/musiikkiopisto\/wp-json\/wp\/v2\/pages\/969"}],"wp:attachment":[{"href":"https:\/\/lapua.fi\/musiikkiopisto\/wp-json\/wp\/v2\/media?parent=1147"}],"curies":[{"name":"wp","href":"https:\/\/api.w.org\/{rel}","templated":true}]}}