{"id":2366,"date":"2022-09-21T13:38:42","date_gmt":"2022-09-21T10:38:42","guid":{"rendered":"https:\/\/lapua.fi\/musiikkiopisto\/?page_id=2366"},"modified":"2023-12-21T09:08:15","modified_gmt":"2023-12-21T07:08:15","slug":"videopankki-s%C3%A4vellajien-opettamisen-tueksi","status":"publish","type":"page","link":"https:\/\/lapua.fi\/musiikkiopisto\/info\/opi-s%C3%A4vellajit--hanke\/videopankki-s%C3%A4vellajien-opettamisen-tueksi\/","title":{"rendered":"Videopankki s\u00e4vellajien opettamisen tueksi"},"content":{"rendered":"","protected":false},"excerpt":{"rendered":"","protected":false},"author":7,"featured_media":897,"parent":2327,"menu_order":3,"comment_status":"closed","ping_status":"closed","template":"","meta":{"_acf_changed":false,"footnotes":""},"class_list":["post-2366","page","type-page","status-publish","has-post-thumbnail","hentry"],"acf":[],"yoast_head":"<!-- This site is optimized with the Yoast SEO plugin v27.2 - https:\/\/yoast.com\/product\/yoast-seo-wordpress\/ -->\n<title>Videopankki s\u00e4vellajien opettamisen tueksi - Lapuan Musiikkiopisto<\/title>\n<meta name=\"description\" content=\"Videomateriaali asteikkosoiton, kolmisointujen, kadenssien ja soveltavien harjoitusten sis\u00e4ll\u00f6ll\u00e4 soitonopetukseen ja itseopiskeluun.\" \/>\n<meta name=\"robots\" content=\"index, follow, max-snippet:-1, max-image-preview:large, max-video-preview:-1\" \/>\n<link rel=\"canonical\" href=\"https:\/\/lapua.fi\/musiikkiopisto\/info\/opi-s\u00e4vellajit--hanke\/videopankki-s\u00e4vellajien-opettamisen-tueksi\/\" \/>\n<meta property=\"og:locale\" content=\"fi_FI\" \/>\n<meta property=\"og:type\" content=\"article\" \/>\n<meta property=\"og:title\" content=\"Videopankki s\u00e4vellajien opettamisen tueksi - Lapuan Musiikkiopisto\" \/>\n<meta property=\"og:description\" content=\"Videomateriaali asteikkosoiton, kolmisointujen, kadenssien ja soveltavien harjoitusten sis\u00e4ll\u00f6ll\u00e4 soitonopetukseen ja itseopiskeluun.\" \/>\n<meta property=\"og:url\" content=\"https:\/\/lapua.fi\/musiikkiopisto\/info\/opi-s\u00e4vellajit--hanke\/videopankki-s\u00e4vellajien-opettamisen-tueksi\/\" \/>\n<meta property=\"og:site_name\" content=\"Lapuan Musiikkiopisto\" \/>\n<meta property=\"article:publisher\" content=\"https:\/\/www.facebook.com\/pages\/category\/Music-Lessons---Instruction-School\/Lapuan-musiikkiopisto-198763246823238\/\" \/>\n<meta property=\"article:modified_time\" content=\"2023-12-21T07:08:15+00:00\" \/>\n<meta property=\"og:image\" content=\"https:\/\/lapua.fi\/musiikkiopisto\/wp-content\/uploads\/sites\/2\/2020\/09\/nuotit.jpg\" \/>\n\t<meta property=\"og:image:width\" content=\"960\" \/>\n\t<meta property=\"og:image:height\" content=\"720\" \/>\n\t<meta property=\"og:image:type\" content=\"image\/jpeg\" \/>\n<meta name=\"twitter:card\" content=\"summary_large_image\" \/>\n<meta name=\"twitter:label1\" content=\"Arvioitu lukuaika\" \/>\n\t<meta name=\"twitter:data1\" content=\"1 minuutti\" \/>\n<script type=\"application\/ld+json\" class=\"yoast-schema-graph\">{\"@context\":\"https:\/\/schema.org\",\"@graph\":[{\"@type\":\"WebPage\",\"@id\":\"https:\/\/lapua.fi\/musiikkiopisto\/info\/opi-s%C3%A4vellajit--hanke\/videopankki-s%C3%A4vellajien-opettamisen-tueksi\/\",\"url\":\"https:\/\/lapua.fi\/musiikkiopisto\/info\/opi-s%C3%A4vellajit--hanke\/videopankki-s%C3%A4vellajien-opettamisen-tueksi\/\",\"name\":\"Videopankki s\u00e4vellajien opettamisen tueksi - Lapuan Musiikkiopisto\",\"isPartOf\":{\"@id\":\"https:\/\/lapua.fi\/musiikkiopisto\/#website\"},\"primaryImageOfPage\":{\"@id\":\"https:\/\/lapua.fi\/musiikkiopisto\/info\/opi-s%C3%A4vellajit--hanke\/videopankki-s%C3%A4vellajien-opettamisen-tueksi\/#primaryimage\"},\"image\":{\"@id\":\"https:\/\/lapua.fi\/musiikkiopisto\/info\/opi-s%C3%A4vellajit--hanke\/videopankki-s%C3%A4vellajien-opettamisen-tueksi\/#primaryimage\"},\"thumbnailUrl\":\"https:\/\/lapua.fi\/musiikkiopisto\/wp-content\/uploads\/sites\/2\/2020\/09\/nuotit.jpg\",\"datePublished\":\"2022-09-21T10:38:42+00:00\",\"dateModified\":\"2023-12-21T07:08:15+00:00\",\"description\":\"Videomateriaali asteikkosoiton, kolmisointujen, kadenssien ja soveltavien harjoitusten sis\u00e4ll\u00f6ll\u00e4 soitonopetukseen ja itseopiskeluun.\",\"breadcrumb\":{\"@id\":\"https:\/\/lapua.fi\/musiikkiopisto\/info\/opi-s%C3%A4vellajit--hanke\/videopankki-s%C3%A4vellajien-opettamisen-tueksi\/#breadcrumb\"},\"inLanguage\":\"fi\",\"potentialAction\":[{\"@type\":\"ReadAction\",\"target\":[\"https:\/\/lapua.fi\/musiikkiopisto\/info\/opi-s%C3%A4vellajit--hanke\/videopankki-s%C3%A4vellajien-opettamisen-tueksi\/\"]}]},{\"@type\":\"ImageObject\",\"inLanguage\":\"fi\",\"@id\":\"https:\/\/lapua.fi\/musiikkiopisto\/info\/opi-s%C3%A4vellajit--hanke\/videopankki-s%C3%A4vellajien-opettamisen-tueksi\/#primaryimage\",\"url\":\"https:\/\/lapua.fi\/musiikkiopisto\/wp-content\/uploads\/sites\/2\/2020\/09\/nuotit.jpg\",\"contentUrl\":\"https:\/\/lapua.fi\/musiikkiopisto\/wp-content\/uploads\/sites\/2\/2020\/09\/nuotit.jpg\",\"width\":960,\"height\":720},{\"@type\":\"BreadcrumbList\",\"@id\":\"https:\/\/lapua.fi\/musiikkiopisto\/info\/opi-s%C3%A4vellajit--hanke\/videopankki-s%C3%A4vellajien-opettamisen-tueksi\/#breadcrumb\",\"itemListElement\":[{\"@type\":\"ListItem\",\"position\":1,\"name\":\"Etusivu\",\"item\":\"https:\/\/lapua.fi\/musiikkiopisto\/\"},{\"@type\":\"ListItem\",\"position\":2,\"name\":\"Info\",\"item\":\"https:\/\/lapua.fi\/musiikkiopisto\/info\/\"},{\"@type\":\"ListItem\",\"position\":3,\"name\":\"Opi s\u00e4vellajit ja asteikot -hanke\",\"item\":\"https:\/\/lapua.fi\/musiikkiopisto\/info\/opi-s%C3%A4vellajit--hanke\/\"},{\"@type\":\"ListItem\",\"position\":4,\"name\":\"Videopankki s\u00e4vellajien opettamisen tueksi\"}]},{\"@type\":\"WebSite\",\"@id\":\"https:\/\/lapua.fi\/musiikkiopisto\/#website\",\"url\":\"https:\/\/lapua.fi\/musiikkiopisto\/\",\"name\":\"Lapuan Musiikkiopisto\",\"description\":\"\",\"publisher\":{\"@id\":\"https:\/\/lapua.fi\/musiikkiopisto\/#organization\"},\"potentialAction\":[{\"@type\":\"SearchAction\",\"target\":{\"@type\":\"EntryPoint\",\"urlTemplate\":\"https:\/\/lapua.fi\/musiikkiopisto\/?s={search_term_string}\"},\"query-input\":{\"@type\":\"PropertyValueSpecification\",\"valueRequired\":true,\"valueName\":\"search_term_string\"}}],\"inLanguage\":\"fi\"},{\"@type\":\"Organization\",\"@id\":\"https:\/\/lapua.fi\/musiikkiopisto\/#organization\",\"name\":\"Lapuan Musiikkiopisto\",\"url\":\"https:\/\/lapua.fi\/musiikkiopisto\/\",\"logo\":{\"@type\":\"ImageObject\",\"inLanguage\":\"fi\",\"@id\":\"https:\/\/lapua.fi\/musiikkiopisto\/#\/schema\/logo\/image\/\",\"url\":\"https:\/\/lapua.fi\/musiikkiopisto\/wp-content\/uploads\/sites\/2\/2020\/06\/lapua-musiikkiopisto-logo.png\",\"contentUrl\":\"https:\/\/lapua.fi\/musiikkiopisto\/wp-content\/uploads\/sites\/2\/2020\/06\/lapua-musiikkiopisto-logo.png\",\"width\":400,\"height\":154,\"caption\":\"Lapuan Musiikkiopisto\"},\"image\":{\"@id\":\"https:\/\/lapua.fi\/musiikkiopisto\/#\/schema\/logo\/image\/\"},\"sameAs\":[\"https:\/\/www.facebook.com\/pages\/category\/Music-Lessons---Instruction-School\/Lapuan-musiikkiopisto-198763246823238\/\",\"https:\/\/www.instagram.com\/lapuanmusiikkiopisto\/\"]}]}<\/script>\n<!-- \/ Yoast SEO plugin. -->","yoast_head_json":{"title":"Videopankki s\u00e4vellajien opettamisen tueksi - Lapuan Musiikkiopisto","description":"Videomateriaali asteikkosoiton, kolmisointujen, kadenssien ja soveltavien harjoitusten sis\u00e4ll\u00f6ll\u00e4 soitonopetukseen ja itseopiskeluun.","robots":{"index":"index","follow":"follow","max-snippet":"max-snippet:-1","max-image-preview":"max-image-preview:large","max-video-preview":"max-video-preview:-1"},"canonical":"https:\/\/lapua.fi\/musiikkiopisto\/info\/opi-s\u00e4vellajit--hanke\/videopankki-s\u00e4vellajien-opettamisen-tueksi\/","og_locale":"fi_FI","og_type":"article","og_title":"Videopankki s\u00e4vellajien opettamisen tueksi - Lapuan Musiikkiopisto","og_description":"Videomateriaali asteikkosoiton, kolmisointujen, kadenssien ja soveltavien harjoitusten sis\u00e4ll\u00f6ll\u00e4 soitonopetukseen ja itseopiskeluun.","og_url":"https:\/\/lapua.fi\/musiikkiopisto\/info\/opi-s\u00e4vellajit--hanke\/videopankki-s\u00e4vellajien-opettamisen-tueksi\/","og_site_name":"Lapuan Musiikkiopisto","article_publisher":"https:\/\/www.facebook.com\/pages\/category\/Music-Lessons---Instruction-School\/Lapuan-musiikkiopisto-198763246823238\/","article_modified_time":"2023-12-21T07:08:15+00:00","og_image":[{"width":960,"height":720,"url":"https:\/\/lapua.fi\/musiikkiopisto\/wp-content\/uploads\/sites\/2\/2020\/09\/nuotit.jpg","type":"image\/jpeg"}],"twitter_card":"summary_large_image","twitter_misc":{"Arvioitu lukuaika":"1 minuutti"},"schema":{"@context":"https:\/\/schema.org","@graph":[{"@type":"WebPage","@id":"https:\/\/lapua.fi\/musiikkiopisto\/info\/opi-s%C3%A4vellajit--hanke\/videopankki-s%C3%A4vellajien-opettamisen-tueksi\/","url":"https:\/\/lapua.fi\/musiikkiopisto\/info\/opi-s%C3%A4vellajit--hanke\/videopankki-s%C3%A4vellajien-opettamisen-tueksi\/","name":"Videopankki s\u00e4vellajien opettamisen tueksi - Lapuan Musiikkiopisto","isPartOf":{"@id":"https:\/\/lapua.fi\/musiikkiopisto\/#website"},"primaryImageOfPage":{"@id":"https:\/\/lapua.fi\/musiikkiopisto\/info\/opi-s%C3%A4vellajit--hanke\/videopankki-s%C3%A4vellajien-opettamisen-tueksi\/#primaryimage"},"image":{"@id":"https:\/\/lapua.fi\/musiikkiopisto\/info\/opi-s%C3%A4vellajit--hanke\/videopankki-s%C3%A4vellajien-opettamisen-tueksi\/#primaryimage"},"thumbnailUrl":"https:\/\/lapua.fi\/musiikkiopisto\/wp-content\/uploads\/sites\/2\/2020\/09\/nuotit.jpg","datePublished":"2022-09-21T10:38:42+00:00","dateModified":"2023-12-21T07:08:15+00:00","description":"Videomateriaali asteikkosoiton, kolmisointujen, kadenssien ja soveltavien harjoitusten sis\u00e4ll\u00f6ll\u00e4 soitonopetukseen ja itseopiskeluun.","breadcrumb":{"@id":"https:\/\/lapua.fi\/musiikkiopisto\/info\/opi-s%C3%A4vellajit--hanke\/videopankki-s%C3%A4vellajien-opettamisen-tueksi\/#breadcrumb"},"inLanguage":"fi","potentialAction":[{"@type":"ReadAction","target":["https:\/\/lapua.fi\/musiikkiopisto\/info\/opi-s%C3%A4vellajit--hanke\/videopankki-s%C3%A4vellajien-opettamisen-tueksi\/"]}]},{"@type":"ImageObject","inLanguage":"fi","@id":"https:\/\/lapua.fi\/musiikkiopisto\/info\/opi-s%C3%A4vellajit--hanke\/videopankki-s%C3%A4vellajien-opettamisen-tueksi\/#primaryimage","url":"https:\/\/lapua.fi\/musiikkiopisto\/wp-content\/uploads\/sites\/2\/2020\/09\/nuotit.jpg","contentUrl":"https:\/\/lapua.fi\/musiikkiopisto\/wp-content\/uploads\/sites\/2\/2020\/09\/nuotit.jpg","width":960,"height":720},{"@type":"BreadcrumbList","@id":"https:\/\/lapua.fi\/musiikkiopisto\/info\/opi-s%C3%A4vellajit--hanke\/videopankki-s%C3%A4vellajien-opettamisen-tueksi\/#breadcrumb","itemListElement":[{"@type":"ListItem","position":1,"name":"Etusivu","item":"https:\/\/lapua.fi\/musiikkiopisto\/"},{"@type":"ListItem","position":2,"name":"Info","item":"https:\/\/lapua.fi\/musiikkiopisto\/info\/"},{"@type":"ListItem","position":3,"name":"Opi s\u00e4vellajit ja asteikot -hanke","item":"https:\/\/lapua.fi\/musiikkiopisto\/info\/opi-s%C3%A4vellajit--hanke\/"},{"@type":"ListItem","position":4,"name":"Videopankki s\u00e4vellajien opettamisen tueksi"}]},{"@type":"WebSite","@id":"https:\/\/lapua.fi\/musiikkiopisto\/#website","url":"https:\/\/lapua.fi\/musiikkiopisto\/","name":"Lapuan Musiikkiopisto","description":"","publisher":{"@id":"https:\/\/lapua.fi\/musiikkiopisto\/#organization"},"potentialAction":[{"@type":"SearchAction","target":{"@type":"EntryPoint","urlTemplate":"https:\/\/lapua.fi\/musiikkiopisto\/?s={search_term_string}"},"query-input":{"@type":"PropertyValueSpecification","valueRequired":true,"valueName":"search_term_string"}}],"inLanguage":"fi"},{"@type":"Organization","@id":"https:\/\/lapua.fi\/musiikkiopisto\/#organization","name":"Lapuan Musiikkiopisto","url":"https:\/\/lapua.fi\/musiikkiopisto\/","logo":{"@type":"ImageObject","inLanguage":"fi","@id":"https:\/\/lapua.fi\/musiikkiopisto\/#\/schema\/logo\/image\/","url":"https:\/\/lapua.fi\/musiikkiopisto\/wp-content\/uploads\/sites\/2\/2020\/06\/lapua-musiikkiopisto-logo.png","contentUrl":"https:\/\/lapua.fi\/musiikkiopisto\/wp-content\/uploads\/sites\/2\/2020\/06\/lapua-musiikkiopisto-logo.png","width":400,"height":154,"caption":"Lapuan Musiikkiopisto"},"image":{"@id":"https:\/\/lapua.fi\/musiikkiopisto\/#\/schema\/logo\/image\/"},"sameAs":["https:\/\/www.facebook.com\/pages\/category\/Music-Lessons---Instruction-School\/Lapuan-musiikkiopisto-198763246823238\/","https:\/\/www.instagram.com\/lapuanmusiikkiopisto\/"]}]}},"_links":{"self":[{"href":"https:\/\/lapua.fi\/musiikkiopisto\/wp-json\/wp\/v2\/pages\/2366","targetHints":{"allow":["GET"]}}],"collection":[{"href":"https:\/\/lapua.fi\/musiikkiopisto\/wp-json\/wp\/v2\/pages"}],"about":[{"href":"https:\/\/lapua.fi\/musiikkiopisto\/wp-json\/wp\/v2\/types\/page"}],"author":[{"embeddable":true,"href":"https:\/\/lapua.fi\/musiikkiopisto\/wp-json\/wp\/v2\/users\/7"}],"replies":[{"embeddable":true,"href":"https:\/\/lapua.fi\/musiikkiopisto\/wp-json\/wp\/v2\/comments?post=2366"}],"version-history":[{"count":4,"href":"https:\/\/lapua.fi\/musiikkiopisto\/wp-json\/wp\/v2\/pages\/2366\/revisions"}],"predecessor-version":[{"id":2835,"href":"https:\/\/lapua.fi\/musiikkiopisto\/wp-json\/wp\/v2\/pages\/2366\/revisions\/2835"}],"up":[{"embeddable":true,"href":"https:\/\/lapua.fi\/musiikkiopisto\/wp-json\/wp\/v2\/pages\/2327"}],"wp:featuredmedia":[{"embeddable":true,"href":"https:\/\/lapua.fi\/musiikkiopisto\/wp-json\/wp\/v2\/media\/897"}],"wp:attachment":[{"href":"https:\/\/lapua.fi\/musiikkiopisto\/wp-json\/wp\/v2\/media?parent=2366"}],"curies":[{"name":"wp","href":"https:\/\/api.w.org\/{rel}","templated":true}]}}