{"id":2410,"date":"2022-09-14T14:40:50","date_gmt":"2022-09-14T11:40:50","guid":{"rendered":"https:\/\/lapua.fi\/oppimisentuki\/?page_id=2410"},"modified":"2026-03-13T13:36:39","modified_gmt":"2026-03-13T11:36:39","slug":"tuen-kasikirja","status":"publish","type":"page","link":"https:\/\/lapua.fi\/oppimisentuki\/tuen-kasikirja\/","title":{"rendered":"Tuen k\u00e4sikirja"},"content":{"rendered":"","protected":true},"excerpt":{"rendered":"","protected":true},"author":1,"featured_media":0,"parent":0,"menu_order":4,"comment_status":"closed","ping_status":"closed","template":"","meta":{"_acf_changed":false,"footnotes":""},"class_list":["post-2410","page","type-page","status-publish","post-password-required","hentry"],"acf":[],"yoast_head":"<!-- This site is optimized with the Yoast SEO plugin v27.2 - https:\/\/yoast.com\/product\/yoast-seo-wordpress\/ -->\n<title>Tuen k\u00e4sikirja - Oppimisen tuki<\/title>\n<meta name=\"robots\" content=\"index, follow, max-snippet:-1, max-image-preview:large, max-video-preview:-1\" \/>\n<link rel=\"canonical\" href=\"https:\/\/lapua.fi\/oppimisentuki\/tuen-kasikirja\/\" \/>\n<meta property=\"og:locale\" content=\"fi_FI\" \/>\n<meta property=\"og:type\" content=\"article\" \/>\n<meta property=\"og:title\" content=\"Tuen k\u00e4sikirja - Oppimisen tuki\" \/>\n<meta property=\"og:description\" content=\"Otetta ei n\u00e4ytet\u00e4, koska artikkeli on suojattu.\" \/>\n<meta property=\"og:url\" content=\"https:\/\/lapua.fi\/oppimisentuki\/tuen-kasikirja\/\" \/>\n<meta property=\"og:site_name\" content=\"Oppimisen tuki\" \/>\n<meta property=\"article:modified_time\" content=\"2026-03-13T11:36:39+00:00\" \/>\n<meta name=\"twitter:card\" content=\"summary_large_image\" \/>\n<meta name=\"twitter:label1\" content=\"Arvioitu lukuaika\" \/>\n\t<meta name=\"twitter:data1\" content=\"1 minuutti\" \/>\n<script type=\"application\/ld+json\" class=\"yoast-schema-graph\">{\"@context\":\"https:\/\/schema.org\",\"@graph\":[{\"@type\":\"WebPage\",\"@id\":\"https:\/\/lapua.fi\/oppimisentuki\/tuen-kasikirja\/\",\"url\":\"https:\/\/lapua.fi\/oppimisentuki\/tuen-kasikirja\/\",\"name\":\"Tuen k\u00e4sikirja - Oppimisen tuki\",\"isPartOf\":{\"@id\":\"https:\/\/lapua.fi\/oppimisentuki\/#website\"},\"datePublished\":\"2022-09-14T11:40:50+00:00\",\"dateModified\":\"2026-03-13T11:36:39+00:00\",\"breadcrumb\":{\"@id\":\"https:\/\/lapua.fi\/oppimisentuki\/tuen-kasikirja\/#breadcrumb\"},\"inLanguage\":\"fi\"},{\"@type\":\"WebSite\",\"@id\":\"https:\/\/lapua.fi\/oppimisentuki\/#website\",\"url\":\"https:\/\/lapua.fi\/oppimisentuki\/\",\"name\":\"Oppimisen tuki\",\"description\":\"\",\"publisher\":{\"@id\":\"https:\/\/lapua.fi\/oppimisentuki\/#organization\"},\"potentialAction\":[{\"@type\":\"SearchAction\",\"target\":{\"@type\":\"EntryPoint\",\"urlTemplate\":\"https:\/\/lapua.fi\/oppimisentuki\/?s={search_term_string}\"},\"query-input\":{\"@type\":\"PropertyValueSpecification\",\"valueRequired\":true,\"valueName\":\"search_term_string\"}}],\"inLanguage\":\"fi\"},{\"@type\":\"Organization\",\"@id\":\"https:\/\/lapua.fi\/oppimisentuki\/#organization\",\"name\":\"Oppimisen tuki\",\"url\":\"https:\/\/lapua.fi\/oppimisentuki\/\",\"logo\":{\"@type\":\"ImageObject\",\"inLanguage\":\"fi\",\"@id\":\"https:\/\/lapua.fi\/oppimisentuki\/#\/schema\/logo\/image\/\",\"url\":\"https:\/\/lapua.fi\/oppimisentuki\/wp-content\/uploads\/sites\/21\/2020\/06\/Lapuan_kaupunki_uusi_logoRGB300x71.png\",\"contentUrl\":\"https:\/\/lapua.fi\/oppimisentuki\/wp-content\/uploads\/sites\/21\/2020\/06\/Lapuan_kaupunki_uusi_logoRGB300x71.png\",\"width\":300,\"height\":71,\"caption\":\"Oppimisen tuki\"},\"image\":{\"@id\":\"https:\/\/lapua.fi\/oppimisentuki\/#\/schema\/logo\/image\/\"}}]}<\/script>\n<!-- \/ Yoast SEO plugin. -->","yoast_head_json":{"title":"Tuen k\u00e4sikirja - Oppimisen tuki","robots":{"index":"index","follow":"follow","max-snippet":"max-snippet:-1","max-image-preview":"max-image-preview:large","max-video-preview":"max-video-preview:-1"},"canonical":"https:\/\/lapua.fi\/oppimisentuki\/tuen-kasikirja\/","og_locale":"fi_FI","og_type":"article","og_title":"Tuen k\u00e4sikirja - Oppimisen tuki","og_description":"Otetta ei n\u00e4ytet\u00e4, koska artikkeli on suojattu.","og_url":"https:\/\/lapua.fi\/oppimisentuki\/tuen-kasikirja\/","og_site_name":"Oppimisen tuki","article_modified_time":"2026-03-13T11:36:39+00:00","twitter_card":"summary_large_image","twitter_misc":{"Arvioitu lukuaika":"1 minuutti"},"schema":{"@context":"https:\/\/schema.org","@graph":[{"@type":"WebPage","@id":"https:\/\/lapua.fi\/oppimisentuki\/tuen-kasikirja\/","url":"https:\/\/lapua.fi\/oppimisentuki\/tuen-kasikirja\/","name":"Tuen k\u00e4sikirja - Oppimisen tuki","isPartOf":{"@id":"https:\/\/lapua.fi\/oppimisentuki\/#website"},"datePublished":"2022-09-14T11:40:50+00:00","dateModified":"2026-03-13T11:36:39+00:00","breadcrumb":{"@id":"https:\/\/lapua.fi\/oppimisentuki\/tuen-kasikirja\/#breadcrumb"},"inLanguage":"fi"},{"@type":"WebSite","@id":"https:\/\/lapua.fi\/oppimisentuki\/#website","url":"https:\/\/lapua.fi\/oppimisentuki\/","name":"Oppimisen tuki","description":"","publisher":{"@id":"https:\/\/lapua.fi\/oppimisentuki\/#organization"},"potentialAction":[{"@type":"SearchAction","target":{"@type":"EntryPoint","urlTemplate":"https:\/\/lapua.fi\/oppimisentuki\/?s={search_term_string}"},"query-input":{"@type":"PropertyValueSpecification","valueRequired":true,"valueName":"search_term_string"}}],"inLanguage":"fi"},{"@type":"Organization","@id":"https:\/\/lapua.fi\/oppimisentuki\/#organization","name":"Oppimisen tuki","url":"https:\/\/lapua.fi\/oppimisentuki\/","logo":{"@type":"ImageObject","inLanguage":"fi","@id":"https:\/\/lapua.fi\/oppimisentuki\/#\/schema\/logo\/image\/","url":"https:\/\/lapua.fi\/oppimisentuki\/wp-content\/uploads\/sites\/21\/2020\/06\/Lapuan_kaupunki_uusi_logoRGB300x71.png","contentUrl":"https:\/\/lapua.fi\/oppimisentuki\/wp-content\/uploads\/sites\/21\/2020\/06\/Lapuan_kaupunki_uusi_logoRGB300x71.png","width":300,"height":71,"caption":"Oppimisen tuki"},"image":{"@id":"https:\/\/lapua.fi\/oppimisentuki\/#\/schema\/logo\/image\/"}}]}},"_links":{"self":[{"href":"https:\/\/lapua.fi\/oppimisentuki\/wp-json\/wp\/v2\/pages\/2410","targetHints":{"allow":["GET"]}}],"collection":[{"href":"https:\/\/lapua.fi\/oppimisentuki\/wp-json\/wp\/v2\/pages"}],"about":[{"href":"https:\/\/lapua.fi\/oppimisentuki\/wp-json\/wp\/v2\/types\/page"}],"author":[{"embeddable":true,"href":"https:\/\/lapua.fi\/oppimisentuki\/wp-json\/wp\/v2\/users\/1"}],"replies":[{"embeddable":true,"href":"https:\/\/lapua.fi\/oppimisentuki\/wp-json\/wp\/v2\/comments?post=2410"}],"version-history":[{"count":3,"href":"https:\/\/lapua.fi\/oppimisentuki\/wp-json\/wp\/v2\/pages\/2410\/revisions"}],"predecessor-version":[{"id":2589,"href":"https:\/\/lapua.fi\/oppimisentuki\/wp-json\/wp\/v2\/pages\/2410\/revisions\/2589"}],"wp:attachment":[{"href":"https:\/\/lapua.fi\/oppimisentuki\/wp-json\/wp\/v2\/media?parent=2410"}],"curies":[{"name":"wp","href":"https:\/\/api.w.org\/{rel}","templated":true}]}}