{"id":1581,"date":"2020-12-18T15:17:52","date_gmt":"2020-12-18T13:17:52","guid":{"rendered":"https:\/\/lapua.fi\/taidekoulu\/?page_id=1581"},"modified":"2024-05-03T10:37:16","modified_gmt":"2024-05-03T07:37:16","slug":"maksut","status":"publish","type":"page","link":"https:\/\/lapua.fi\/taidekoulu\/opiskeleminen\/maksut\/","title":{"rendered":"Maksut"},"content":{"rendered":"","protected":false},"excerpt":{"rendered":"","protected":false},"author":1,"featured_media":0,"parent":1573,"menu_order":0,"comment_status":"closed","ping_status":"closed","template":"","meta":{"_acf_changed":false,"footnotes":""},"class_list":["post-1581","page","type-page","status-publish","hentry"],"acf":[],"yoast_head":"\nMaksut - Lapuan taidekoulu<\/title>\n<meta name=\"description\" content=\"Lapuan taidekoulun erilaiset maksut ja vuosimaksut l\u00f6yd\u00e4t t\u00e4lt\u00e4 sivulta listattuna.\" \/>\n<meta name=\"robots\" content=\"index, follow, max-snippet:-1, max-image-preview:large, max-video-preview:-1\" \/>\n<link rel=\"canonical\" href=\"https:\/\/lapua.fi\/taidekoulu\/opiskeleminen\/maksut\/\" \/>\n<meta property=\"og:locale\" content=\"fi_FI\" \/>\n<meta property=\"og:type\" content=\"article\" \/>\n<meta property=\"og:title\" content=\"Maksut - Lapuan taidekoulu\" \/>\n<meta property=\"og:description\" content=\"Lapuan taidekoulun erilaiset maksut ja vuosimaksut l\u00f6yd\u00e4t t\u00e4lt\u00e4 sivulta listattuna.\" \/>\n<meta property=\"og:url\" content=\"https:\/\/lapua.fi\/taidekoulu\/opiskeleminen\/maksut\/\" \/>\n<meta property=\"og:site_name\" content=\"Lapuan taidekoulu\" \/>\n<meta property=\"article:publisher\" content=\"https:\/\/www.facebook.com\/lapuankansalaisopisto\/\" \/>\n<meta property=\"article:modified_time\" content=\"2024-05-03T07:37:16+00:00\" \/>\n<meta property=\"og:image\" content=\"https:\/\/lapua.fi\/taidekoulu\/wp-content\/uploads\/sites\/6\/2020\/08\/IMG_1741-scaled.jpg\" \/>\n\t<meta property=\"og:image:width\" content=\"2560\" \/>\n\t<meta property=\"og:image:height\" content=\"1707\" \/>\n\t<meta property=\"og:image:type\" content=\"image\/jpeg\" \/>\n<meta name=\"twitter:card\" content=\"summary_large_image\" \/>\n<meta name=\"twitter:site\" content=\"@lapuank\" \/>\n<meta name=\"twitter:label1\" content=\"Arvioitu lukuaika\" \/>\n\t<meta name=\"twitter:data1\" content=\"2 minuuttia\" \/>\n<script type=\"application\/ld+json\" class=\"yoast-schema-graph\">{\"@context\":\"https:\/\/schema.org\",\"@graph\":[{\"@type\":\"WebPage\",\"@id\":\"https:\/\/lapua.fi\/taidekoulu\/opiskeleminen\/maksut\/\",\"url\":\"https:\/\/lapua.fi\/taidekoulu\/opiskeleminen\/maksut\/\",\"name\":\"Maksut - Lapuan taidekoulu\",\"isPartOf\":{\"@id\":\"https:\/\/lapua.fi\/taidekoulu\/#website\"},\"datePublished\":\"2020-12-18T13:17:52+00:00\",\"dateModified\":\"2024-05-03T07:37:16+00:00\",\"description\":\"Lapuan taidekoulun erilaiset maksut ja vuosimaksut l\u00f6yd\u00e4t t\u00e4lt\u00e4 sivulta listattuna.\",\"breadcrumb\":{\"@id\":\"https:\/\/lapua.fi\/taidekoulu\/opiskeleminen\/maksut\/#breadcrumb\"},\"inLanguage\":\"fi\",\"potentialAction\":[{\"@type\":\"ReadAction\",\"target\":[\"https:\/\/lapua.fi\/taidekoulu\/opiskeleminen\/maksut\/\"]}]},{\"@type\":\"BreadcrumbList\",\"@id\":\"https:\/\/lapua.fi\/taidekoulu\/opiskeleminen\/maksut\/#breadcrumb\",\"itemListElement\":[{\"@type\":\"ListItem\",\"position\":1,\"name\":\"Etusivu\",\"item\":\"https:\/\/lapua.fi\/taidekoulu\/\"},{\"@type\":\"ListItem\",\"position\":2,\"name\":\"Opiskeleminen\",\"item\":\"https:\/\/lapua.fi\/taidekoulu\/opiskeleminen\/\"},{\"@type\":\"ListItem\",\"position\":3,\"name\":\"Maksut\"}]},{\"@type\":\"WebSite\",\"@id\":\"https:\/\/lapua.fi\/taidekoulu\/#website\",\"url\":\"https:\/\/lapua.fi\/taidekoulu\/\",\"name\":\"Lapuan taidekoulu\",\"description\":\"\",\"publisher\":{\"@id\":\"https:\/\/lapua.fi\/taidekoulu\/#organization\"},\"potentialAction\":[{\"@type\":\"SearchAction\",\"target\":{\"@type\":\"EntryPoint\",\"urlTemplate\":\"https:\/\/lapua.fi\/taidekoulu\/?s={search_term_string}\"},\"query-input\":{\"@type\":\"PropertyValueSpecification\",\"valueRequired\":true,\"valueName\":\"search_term_string\"}}],\"inLanguage\":\"fi\"},{\"@type\":\"Organization\",\"@id\":\"https:\/\/lapua.fi\/taidekoulu\/#organization\",\"name\":\"Lapuan Kansalaisopisto\",\"url\":\"https:\/\/lapua.fi\/taidekoulu\/\",\"logo\":{\"@type\":\"ImageObject\",\"inLanguage\":\"fi\",\"@id\":\"https:\/\/lapua.fi\/taidekoulu\/#\/schema\/logo\/image\/\",\"url\":\"https:\/\/lapua.fi\/taidekoulu\/wp-content\/uploads\/sites\/6\/2020\/08\/Kopio-tiedostosta-l\u00e4pin\u00e4kyv\u00e4-Lapuan-kansalaisopiston-tunnus.png\",\"contentUrl\":\"https:\/\/lapua.fi\/taidekoulu\/wp-content\/uploads\/sites\/6\/2020\/08\/Kopio-tiedostosta-l\u00e4pin\u00e4kyv\u00e4-Lapuan-kansalaisopiston-tunnus.png\",\"width\":2112,\"height\":809,\"caption\":\"Lapuan Kansalaisopisto\"},\"image\":{\"@id\":\"https:\/\/lapua.fi\/taidekoulu\/#\/schema\/logo\/image\/\"},\"sameAs\":[\"https:\/\/www.facebook.com\/lapuankansalaisopisto\/\",\"https:\/\/x.com\/lapuank\",\"https:\/\/www.instagram.com\/lapuankansalaisopisto\/\"]}]}<\/script>\n<!-- \/ Yoast SEO plugin. -->","yoast_head_json":{"title":"Maksut - Lapuan taidekoulu","description":"Lapuan taidekoulun erilaiset maksut ja vuosimaksut l\u00f6yd\u00e4t t\u00e4lt\u00e4 sivulta listattuna.","robots":{"index":"index","follow":"follow","max-snippet":"max-snippet:-1","max-image-preview":"max-image-preview:large","max-video-preview":"max-video-preview:-1"},"canonical":"https:\/\/lapua.fi\/taidekoulu\/opiskeleminen\/maksut\/","og_locale":"fi_FI","og_type":"article","og_title":"Maksut - Lapuan taidekoulu","og_description":"Lapuan taidekoulun erilaiset maksut ja vuosimaksut l\u00f6yd\u00e4t t\u00e4lt\u00e4 sivulta listattuna.","og_url":"https:\/\/lapua.fi\/taidekoulu\/opiskeleminen\/maksut\/","og_site_name":"Lapuan taidekoulu","article_publisher":"https:\/\/www.facebook.com\/lapuankansalaisopisto\/","article_modified_time":"2024-05-03T07:37:16+00:00","og_image":[{"width":2560,"height":1707,"url":"https:\/\/lapua.fi\/taidekoulu\/wp-content\/uploads\/sites\/6\/2020\/08\/IMG_1741-scaled.jpg","type":"image\/jpeg"}],"twitter_card":"summary_large_image","twitter_site":"@lapuank","twitter_misc":{"Arvioitu lukuaika":"2 minuuttia"},"schema":{"@context":"https:\/\/schema.org","@graph":[{"@type":"WebPage","@id":"https:\/\/lapua.fi\/taidekoulu\/opiskeleminen\/maksut\/","url":"https:\/\/lapua.fi\/taidekoulu\/opiskeleminen\/maksut\/","name":"Maksut - Lapuan taidekoulu","isPartOf":{"@id":"https:\/\/lapua.fi\/taidekoulu\/#website"},"datePublished":"2020-12-18T13:17:52+00:00","dateModified":"2024-05-03T07:37:16+00:00","description":"Lapuan taidekoulun erilaiset maksut ja vuosimaksut l\u00f6yd\u00e4t t\u00e4lt\u00e4 sivulta listattuna.","breadcrumb":{"@id":"https:\/\/lapua.fi\/taidekoulu\/opiskeleminen\/maksut\/#breadcrumb"},"inLanguage":"fi","potentialAction":[{"@type":"ReadAction","target":["https:\/\/lapua.fi\/taidekoulu\/opiskeleminen\/maksut\/"]}]},{"@type":"BreadcrumbList","@id":"https:\/\/lapua.fi\/taidekoulu\/opiskeleminen\/maksut\/#breadcrumb","itemListElement":[{"@type":"ListItem","position":1,"name":"Etusivu","item":"https:\/\/lapua.fi\/taidekoulu\/"},{"@type":"ListItem","position":2,"name":"Opiskeleminen","item":"https:\/\/lapua.fi\/taidekoulu\/opiskeleminen\/"},{"@type":"ListItem","position":3,"name":"Maksut"}]},{"@type":"WebSite","@id":"https:\/\/lapua.fi\/taidekoulu\/#website","url":"https:\/\/lapua.fi\/taidekoulu\/","name":"Lapuan taidekoulu","description":"","publisher":{"@id":"https:\/\/lapua.fi\/taidekoulu\/#organization"},"potentialAction":[{"@type":"SearchAction","target":{"@type":"EntryPoint","urlTemplate":"https:\/\/lapua.fi\/taidekoulu\/?s={search_term_string}"},"query-input":{"@type":"PropertyValueSpecification","valueRequired":true,"valueName":"search_term_string"}}],"inLanguage":"fi"},{"@type":"Organization","@id":"https:\/\/lapua.fi\/taidekoulu\/#organization","name":"Lapuan Kansalaisopisto","url":"https:\/\/lapua.fi\/taidekoulu\/","logo":{"@type":"ImageObject","inLanguage":"fi","@id":"https:\/\/lapua.fi\/taidekoulu\/#\/schema\/logo\/image\/","url":"https:\/\/lapua.fi\/taidekoulu\/wp-content\/uploads\/sites\/6\/2020\/08\/Kopio-tiedostosta-l\u00e4pin\u00e4kyv\u00e4-Lapuan-kansalaisopiston-tunnus.png","contentUrl":"https:\/\/lapua.fi\/taidekoulu\/wp-content\/uploads\/sites\/6\/2020\/08\/Kopio-tiedostosta-l\u00e4pin\u00e4kyv\u00e4-Lapuan-kansalaisopiston-tunnus.png","width":2112,"height":809,"caption":"Lapuan Kansalaisopisto"},"image":{"@id":"https:\/\/lapua.fi\/taidekoulu\/#\/schema\/logo\/image\/"},"sameAs":["https:\/\/www.facebook.com\/lapuankansalaisopisto\/","https:\/\/x.com\/lapuank","https:\/\/www.instagram.com\/lapuankansalaisopisto\/"]}]}},"_links":{"self":[{"href":"https:\/\/lapua.fi\/taidekoulu\/wp-json\/wp\/v2\/pages\/1581","targetHints":{"allow":["GET"]}}],"collection":[{"href":"https:\/\/lapua.fi\/taidekoulu\/wp-json\/wp\/v2\/pages"}],"about":[{"href":"https:\/\/lapua.fi\/taidekoulu\/wp-json\/wp\/v2\/types\/page"}],"author":[{"embeddable":true,"href":"https:\/\/lapua.fi\/taidekoulu\/wp-json\/wp\/v2\/users\/1"}],"replies":[{"embeddable":true,"href":"https:\/\/lapua.fi\/taidekoulu\/wp-json\/wp\/v2\/comments?post=1581"}],"version-history":[{"count":3,"href":"https:\/\/lapua.fi\/taidekoulu\/wp-json\/wp\/v2\/pages\/1581\/revisions"}],"predecessor-version":[{"id":2265,"href":"https:\/\/lapua.fi\/taidekoulu\/wp-json\/wp\/v2\/pages\/1581\/revisions\/2265"}],"up":[{"embeddable":true,"href":"https:\/\/lapua.fi\/taidekoulu\/wp-json\/wp\/v2\/pages\/1573"}],"wp:attachment":[{"href":"https:\/\/lapua.fi\/taidekoulu\/wp-json\/wp\/v2\/media?parent=1581"}],"curies":[{"name":"wp","href":"https:\/\/api.w.org\/{rel}","templated":true}]}}