{"id":1593,"date":"2020-12-18T15:42:18","date_gmt":"2020-12-18T13:42:18","guid":{"rendered":"https:\/\/lapua.fi\/taidekoulu\/?page_id=1593"},"modified":"2024-04-23T11:55:35","modified_gmt":"2024-04-23T08:55:35","slug":"tule-oppilaaksi","status":"publish","type":"page","link":"https:\/\/lapua.fi\/taidekoulu\/tule-oppilaaksi\/","title":{"rendered":"Ilmoittautuminen"},"content":{"rendered":"","protected":false},"excerpt":{"rendered":"","protected":false},"author":136,"featured_media":0,"parent":0,"menu_order":0,"comment_status":"closed","ping_status":"closed","template":"","meta":{"_acf_changed":false,"footnotes":""},"class_list":["post-1593","page","type-page","status-publish","hentry"],"acf":[],"yoast_head":"<!-- This site is optimized with the Yoast SEO plugin v27.4 - https:\/\/yoast.com\/product\/yoast-seo-wordpress\/ -->\n<title>Ilmoittautuminen - Lapuan taidekoulu<\/title>\n<meta name=\"description\" content=\"Lapuan taidekoulun opetus alkaa syksyll\u00e4 elo-syyskuun vaihteessa ja p\u00e4\u00e4ttyy kev\u00e4\u00e4ll\u00e4 toukokuussa. Ilmoittautuminen kouluun l\u00f6ytyy t\u00e4\u00e4lt\u00e4.\" \/>\n<meta name=\"robots\" content=\"index, follow, max-snippet:-1, max-image-preview:large, max-video-preview:-1\" \/>\n<link rel=\"canonical\" href=\"https:\/\/lapua.fi\/taidekoulu\/tule-oppilaaksi\/\" \/>\n<meta property=\"og:locale\" content=\"fi_FI\" \/>\n<meta property=\"og:type\" content=\"article\" \/>\n<meta property=\"og:title\" content=\"Ilmoittautuminen - Lapuan taidekoulu\" \/>\n<meta property=\"og:description\" content=\"Lapuan taidekoulun opetus alkaa syksyll\u00e4 elo-syyskuun vaihteessa ja p\u00e4\u00e4ttyy kev\u00e4\u00e4ll\u00e4 toukokuussa. Ilmoittautuminen kouluun l\u00f6ytyy t\u00e4\u00e4lt\u00e4.\" \/>\n<meta property=\"og:url\" content=\"https:\/\/lapua.fi\/taidekoulu\/tule-oppilaaksi\/\" \/>\n<meta property=\"og:site_name\" content=\"Lapuan taidekoulu\" \/>\n<meta property=\"article:publisher\" content=\"https:\/\/www.facebook.com\/lapuankansalaisopisto\/\" \/>\n<meta property=\"article:modified_time\" content=\"2024-04-23T08:55:35+00:00\" \/>\n<meta property=\"og:image\" content=\"https:\/\/lapua.fi\/taidekoulu\/wp-content\/uploads\/sites\/6\/2020\/08\/IMG_1741-scaled.jpg\" \/>\n\t<meta property=\"og:image:width\" content=\"2560\" \/>\n\t<meta property=\"og:image:height\" content=\"1707\" \/>\n\t<meta property=\"og:image:type\" content=\"image\/jpeg\" \/>\n<meta name=\"twitter:card\" content=\"summary_large_image\" \/>\n<meta name=\"twitter:site\" content=\"@lapuank\" \/>\n<meta name=\"twitter:label1\" content=\"Arvioitu lukuaika\" \/>\n\t<meta name=\"twitter:data1\" content=\"1 minuutti\" \/>\n<script type=\"application\/ld+json\" class=\"yoast-schema-graph\">{\"@context\":\"https:\\\/\\\/schema.org\",\"@graph\":[{\"@type\":\"WebPage\",\"@id\":\"https:\\\/\\\/lapua.fi\\\/taidekoulu\\\/tule-oppilaaksi\\\/\",\"url\":\"https:\\\/\\\/lapua.fi\\\/taidekoulu\\\/tule-oppilaaksi\\\/\",\"name\":\"Ilmoittautuminen - Lapuan taidekoulu\",\"isPartOf\":{\"@id\":\"https:\\\/\\\/lapua.fi\\\/taidekoulu\\\/#website\"},\"datePublished\":\"2020-12-18T13:42:18+00:00\",\"dateModified\":\"2024-04-23T08:55:35+00:00\",\"description\":\"Lapuan taidekoulun opetus alkaa syksyll\u00e4 elo-syyskuun vaihteessa ja p\u00e4\u00e4ttyy kev\u00e4\u00e4ll\u00e4 toukokuussa. Ilmoittautuminen kouluun l\u00f6ytyy t\u00e4\u00e4lt\u00e4.\",\"breadcrumb\":{\"@id\":\"https:\\\/\\\/lapua.fi\\\/taidekoulu\\\/tule-oppilaaksi\\\/#breadcrumb\"},\"inLanguage\":\"fi\",\"potentialAction\":[{\"@type\":\"ReadAction\",\"target\":[\"https:\\\/\\\/lapua.fi\\\/taidekoulu\\\/tule-oppilaaksi\\\/\"]}]},{\"@type\":\"BreadcrumbList\",\"@id\":\"https:\\\/\\\/lapua.fi\\\/taidekoulu\\\/tule-oppilaaksi\\\/#breadcrumb\",\"itemListElement\":[{\"@type\":\"ListItem\",\"position\":1,\"name\":\"Etusivu\",\"item\":\"https:\\\/\\\/lapua.fi\\\/taidekoulu\\\/\"},{\"@type\":\"ListItem\",\"position\":2,\"name\":\"Ilmoittautuminen\"}]},{\"@type\":\"WebSite\",\"@id\":\"https:\\\/\\\/lapua.fi\\\/taidekoulu\\\/#website\",\"url\":\"https:\\\/\\\/lapua.fi\\\/taidekoulu\\\/\",\"name\":\"Lapuan taidekoulu\",\"description\":\"\",\"publisher\":{\"@id\":\"https:\\\/\\\/lapua.fi\\\/taidekoulu\\\/#organization\"},\"potentialAction\":[{\"@type\":\"SearchAction\",\"target\":{\"@type\":\"EntryPoint\",\"urlTemplate\":\"https:\\\/\\\/lapua.fi\\\/taidekoulu\\\/?s={search_term_string}\"},\"query-input\":{\"@type\":\"PropertyValueSpecification\",\"valueRequired\":true,\"valueName\":\"search_term_string\"}}],\"inLanguage\":\"fi\"},{\"@type\":\"Organization\",\"@id\":\"https:\\\/\\\/lapua.fi\\\/taidekoulu\\\/#organization\",\"name\":\"Lapuan Kansalaisopisto\",\"url\":\"https:\\\/\\\/lapua.fi\\\/taidekoulu\\\/\",\"logo\":{\"@type\":\"ImageObject\",\"inLanguage\":\"fi\",\"@id\":\"https:\\\/\\\/lapua.fi\\\/taidekoulu\\\/#\\\/schema\\\/logo\\\/image\\\/\",\"url\":\"https:\\\/\\\/lapua.fi\\\/taidekoulu\\\/wp-content\\\/uploads\\\/sites\\\/6\\\/2020\\\/08\\\/Kopio-tiedostosta-l\u00e4pin\u00e4kyv\u00e4-Lapuan-kansalaisopiston-tunnus.png\",\"contentUrl\":\"https:\\\/\\\/lapua.fi\\\/taidekoulu\\\/wp-content\\\/uploads\\\/sites\\\/6\\\/2020\\\/08\\\/Kopio-tiedostosta-l\u00e4pin\u00e4kyv\u00e4-Lapuan-kansalaisopiston-tunnus.png\",\"width\":2112,\"height\":809,\"caption\":\"Lapuan Kansalaisopisto\"},\"image\":{\"@id\":\"https:\\\/\\\/lapua.fi\\\/taidekoulu\\\/#\\\/schema\\\/logo\\\/image\\\/\"},\"sameAs\":[\"https:\\\/\\\/www.facebook.com\\\/lapuankansalaisopisto\\\/\",\"https:\\\/\\\/x.com\\\/lapuank\",\"https:\\\/\\\/www.instagram.com\\\/lapuankansalaisopisto\\\/\"]}]}<\/script>\n<!-- \/ Yoast SEO plugin. -->","yoast_head_json":{"title":"Ilmoittautuminen - Lapuan taidekoulu","description":"Lapuan taidekoulun opetus alkaa syksyll\u00e4 elo-syyskuun vaihteessa ja p\u00e4\u00e4ttyy kev\u00e4\u00e4ll\u00e4 toukokuussa. Ilmoittautuminen kouluun l\u00f6ytyy t\u00e4\u00e4lt\u00e4.","robots":{"index":"index","follow":"follow","max-snippet":"max-snippet:-1","max-image-preview":"max-image-preview:large","max-video-preview":"max-video-preview:-1"},"canonical":"https:\/\/lapua.fi\/taidekoulu\/tule-oppilaaksi\/","og_locale":"fi_FI","og_type":"article","og_title":"Ilmoittautuminen - Lapuan taidekoulu","og_description":"Lapuan taidekoulun opetus alkaa syksyll\u00e4 elo-syyskuun vaihteessa ja p\u00e4\u00e4ttyy kev\u00e4\u00e4ll\u00e4 toukokuussa. Ilmoittautuminen kouluun l\u00f6ytyy t\u00e4\u00e4lt\u00e4.","og_url":"https:\/\/lapua.fi\/taidekoulu\/tule-oppilaaksi\/","og_site_name":"Lapuan taidekoulu","article_publisher":"https:\/\/www.facebook.com\/lapuankansalaisopisto\/","article_modified_time":"2024-04-23T08:55:35+00:00","og_image":[{"width":2560,"height":1707,"url":"https:\/\/lapua.fi\/taidekoulu\/wp-content\/uploads\/sites\/6\/2020\/08\/IMG_1741-scaled.jpg","type":"image\/jpeg"}],"twitter_card":"summary_large_image","twitter_site":"@lapuank","twitter_misc":{"Arvioitu lukuaika":"1 minuutti"},"schema":{"@context":"https:\/\/schema.org","@graph":[{"@type":"WebPage","@id":"https:\/\/lapua.fi\/taidekoulu\/tule-oppilaaksi\/","url":"https:\/\/lapua.fi\/taidekoulu\/tule-oppilaaksi\/","name":"Ilmoittautuminen - Lapuan taidekoulu","isPartOf":{"@id":"https:\/\/lapua.fi\/taidekoulu\/#website"},"datePublished":"2020-12-18T13:42:18+00:00","dateModified":"2024-04-23T08:55:35+00:00","description":"Lapuan taidekoulun opetus alkaa syksyll\u00e4 elo-syyskuun vaihteessa ja p\u00e4\u00e4ttyy kev\u00e4\u00e4ll\u00e4 toukokuussa. Ilmoittautuminen kouluun l\u00f6ytyy t\u00e4\u00e4lt\u00e4.","breadcrumb":{"@id":"https:\/\/lapua.fi\/taidekoulu\/tule-oppilaaksi\/#breadcrumb"},"inLanguage":"fi","potentialAction":[{"@type":"ReadAction","target":["https:\/\/lapua.fi\/taidekoulu\/tule-oppilaaksi\/"]}]},{"@type":"BreadcrumbList","@id":"https:\/\/lapua.fi\/taidekoulu\/tule-oppilaaksi\/#breadcrumb","itemListElement":[{"@type":"ListItem","position":1,"name":"Etusivu","item":"https:\/\/lapua.fi\/taidekoulu\/"},{"@type":"ListItem","position":2,"name":"Ilmoittautuminen"}]},{"@type":"WebSite","@id":"https:\/\/lapua.fi\/taidekoulu\/#website","url":"https:\/\/lapua.fi\/taidekoulu\/","name":"Lapuan taidekoulu","description":"","publisher":{"@id":"https:\/\/lapua.fi\/taidekoulu\/#organization"},"potentialAction":[{"@type":"SearchAction","target":{"@type":"EntryPoint","urlTemplate":"https:\/\/lapua.fi\/taidekoulu\/?s={search_term_string}"},"query-input":{"@type":"PropertyValueSpecification","valueRequired":true,"valueName":"search_term_string"}}],"inLanguage":"fi"},{"@type":"Organization","@id":"https:\/\/lapua.fi\/taidekoulu\/#organization","name":"Lapuan Kansalaisopisto","url":"https:\/\/lapua.fi\/taidekoulu\/","logo":{"@type":"ImageObject","inLanguage":"fi","@id":"https:\/\/lapua.fi\/taidekoulu\/#\/schema\/logo\/image\/","url":"https:\/\/lapua.fi\/taidekoulu\/wp-content\/uploads\/sites\/6\/2020\/08\/Kopio-tiedostosta-l\u00e4pin\u00e4kyv\u00e4-Lapuan-kansalaisopiston-tunnus.png","contentUrl":"https:\/\/lapua.fi\/taidekoulu\/wp-content\/uploads\/sites\/6\/2020\/08\/Kopio-tiedostosta-l\u00e4pin\u00e4kyv\u00e4-Lapuan-kansalaisopiston-tunnus.png","width":2112,"height":809,"caption":"Lapuan Kansalaisopisto"},"image":{"@id":"https:\/\/lapua.fi\/taidekoulu\/#\/schema\/logo\/image\/"},"sameAs":["https:\/\/www.facebook.com\/lapuankansalaisopisto\/","https:\/\/x.com\/lapuank","https:\/\/www.instagram.com\/lapuankansalaisopisto\/"]}]}},"_links":{"self":[{"href":"https:\/\/lapua.fi\/taidekoulu\/wp-json\/wp\/v2\/pages\/1593","targetHints":{"allow":["GET"]}}],"collection":[{"href":"https:\/\/lapua.fi\/taidekoulu\/wp-json\/wp\/v2\/pages"}],"about":[{"href":"https:\/\/lapua.fi\/taidekoulu\/wp-json\/wp\/v2\/types\/page"}],"author":[{"embeddable":true,"href":"https:\/\/lapua.fi\/taidekoulu\/wp-json\/wp\/v2\/users\/136"}],"replies":[{"embeddable":true,"href":"https:\/\/lapua.fi\/taidekoulu\/wp-json\/wp\/v2\/comments?post=1593"}],"version-history":[{"count":3,"href":"https:\/\/lapua.fi\/taidekoulu\/wp-json\/wp\/v2\/pages\/1593\/revisions"}],"predecessor-version":[{"id":2257,"href":"https:\/\/lapua.fi\/taidekoulu\/wp-json\/wp\/v2\/pages\/1593\/revisions\/2257"}],"wp:attachment":[{"href":"https:\/\/lapua.fi\/taidekoulu\/wp-json\/wp\/v2\/media?parent=1593"}],"curies":[{"name":"wp","href":"https:\/\/api.w.org\/{rel}","templated":true}]}}